{"id":46,"date":"2013-10-23T08:26:42","date_gmt":"2013-10-23T08:26:42","guid":{"rendered":"http:\/\/localhost:8888\/PROYECTOS\/MoliDelPont\/dev\/wp\/?page_id=46"},"modified":"2022-04-27T14:49:43","modified_gmt":"2022-04-27T14:49:43","slug":"el-carcaba","status":"publish","type":"page","link":"https:\/\/www.molidelpont.com\/es\/cases\/el-carcaba\/","title":{"rendered":"El Carcab\u00e0"},"content":{"rendered":"<p>El Carcab\u00e0 es la casa esquinera, de menor capacidad, pero que por su distribuci\u00f3n original tiene una primera planta muy amplia. Dispone de una peque\u00f1a terraza privada. Por el hecho de ser la esquinera tiene todas las vistas laterales al parque natural de la sierra de Montsant.<\/p>\n<p>En la primera planta se encuentra el comedor, el sal\u00f3n con chimenea y la cocina totalmente equipada.<\/p>\n<p>Subiendo las escaleras de caracol que llegan a la segunda planta, encontramos directamente, sin puerta, la habitaci\u00f3n de matrimonio y un ba\u00f1o completo.<\/p>\n<p>Los techos abuhardillados y la madera r\u00fastica ofrecen una sensaci\u00f3n agradable e invitan al descanso. Los detalles r\u00fasticos estan presentes en cada rinc\u00f3n de la casa.<\/p>\n<p>La capacidad es para 2 personas.<\/p>\n<p>La casa dispone de calefacci\u00f3n, lavadora y chimenea. Wifi gratuito. No dispone de lavavajillas ni aire acondicionado.<\/p>\n<p>La ropa de cama y ba\u00f1o est\u00e1n incluidas.\u00a0A pesar de que los consumibles \u00a0y le\u00f1a no est\u00e1n incluidos, siempre hay unos m\u00ednimos por gentileza.<\/p>\n<p>No se admiten mascotas.<\/p>\n<p>N\u00famero de Registro Tur\u00edstico PT-000161-23.<\/p>","protected":false},"excerpt":{"rendered":"<p>El Carcab\u00e0 es la casa esquinera, de menor capacidad, pero que por su distribuci\u00f3n original tiene una primera planta muy amplia. Dispone de una peque\u00f1a terraza privada. Por el hecho de ser la esquinera tiene todas las vistas laterales al parque natural de la sierra de Montsant. En la primera planta se encuentra el comedor, [&hellip;]<\/p>\n","protected":false},"author":2,"featured_media":83,"parent":29,"menu_order":3,"comment_status":"open","ping_status":"open","template":"","meta":{"_monsterinsights_skip_tracking":false,"_monsterinsights_sitenote_active":false,"_monsterinsights_sitenote_note":"","_monsterinsights_sitenote_category":0,"footnotes":""},"yoast_head":"<!-- This site is optimized with the Yoast SEO plugin v23.0 - https:\/\/yoast.com\/wordpress\/plugins\/seo\/ -->\n<title>El Carcab\u00e0 - Mol\u00ed del Pont - Casa rural Tarragona Cornudella de Montsant Priorat<\/title>\n<meta name=\"robots\" content=\"index, follow, max-snippet:-1, max-image-preview:large, max-video-preview:-1\" \/>\n<link rel=\"canonical\" href=\"https:\/\/www.molidelpont.com\/en\/cases\/el-carcaba\/\" \/>\n<meta property=\"og:locale\" content=\"es_ES\" \/>\n<meta property=\"og:type\" content=\"article\" \/>\n<meta property=\"og:title\" content=\"[:ca]El Carcab\u00e0[:es]El Carcab\u00e0[:en]El Carcaba[:] - Mol\u00ed del Pont - Casa rural Tarragona Cornudella de Montsant Priorat\" \/>\n<meta property=\"og:description\" content=\"El Carcab\u00e0 es la casa esquinera, de menor capacidad, pero que por su distribuci\u00f3n original tiene una primera planta muy amplia. Dispone de una peque\u00f1a terraza privada. Por el hecho de ser la esquinera tiene todas las vistas laterales al parque natural de la sierra de Montsant. En la primera planta se encuentra el comedor, [&hellip;]\" \/>\n<meta property=\"og:url\" content=\"https:\/\/www.molidelpont.com\/en\/cases\/el-carcaba\/\" \/>\n<meta property=\"og:site_name\" content=\"Mol\u00ed del Pont - Casa rural Tarragona Cornudella de Montsant Priorat\" \/>\n<meta property=\"article:modified_time\" content=\"2022-04-27T14:49:43+00:00\" \/>\n<meta property=\"og:image\" content=\"https:\/\/www.molidelpont.com\/wp-content\/uploads\/2013\/10\/DSC_0194-2.jpg\" \/>\n\t<meta property=\"og:image:width\" content=\"2397\" \/>\n\t<meta property=\"og:image:height\" content=\"1216\" \/>\n\t<meta property=\"og:image:type\" content=\"image\/jpeg\" \/>\n<meta name=\"twitter:card\" content=\"summary_large_image\" \/>\n<meta name=\"twitter:label1\" content=\"Tiempo de lectura\" \/>\n\t<meta name=\"twitter:data1\" content=\"2 minutos\" \/>\n<script type=\"application\/ld+json\" class=\"yoast-schema-graph\">{\"@context\":\"https:\/\/schema.org\",\"@graph\":[{\"@type\":\"WebPage\",\"@id\":\"https:\/\/www.molidelpont.com\/en\/cases\/el-carcaba\/\",\"url\":\"https:\/\/www.molidelpont.com\/en\/cases\/el-carcaba\/\",\"name\":\"[:ca]El Carcab\u00e0[:es]El Carcab\u00e0[:en]El Carcaba[:] - Mol\u00ed del Pont - Casa rural Tarragona Cornudella de Montsant Priorat\",\"isPartOf\":{\"@id\":\"https:\/\/www.molidelpont.com\/#website\"},\"primaryImageOfPage\":{\"@id\":\"https:\/\/www.molidelpont.com\/en\/cases\/el-carcaba\/#primaryimage\"},\"image\":{\"@id\":\"https:\/\/www.molidelpont.com\/en\/cases\/el-carcaba\/#primaryimage\"},\"thumbnailUrl\":\"https:\/\/www.molidelpont.com\/wp-content\/uploads\/2013\/10\/DSC_0194-2.jpg\",\"datePublished\":\"2013-10-23T08:26:42+00:00\",\"dateModified\":\"2022-04-27T14:49:43+00:00\",\"breadcrumb\":{\"@id\":\"https:\/\/www.molidelpont.com\/en\/cases\/el-carcaba\/#breadcrumb\"},\"inLanguage\":\"es\",\"potentialAction\":[{\"@type\":\"ReadAction\",\"target\":[\"https:\/\/www.molidelpont.com\/en\/cases\/el-carcaba\/\"]}]},{\"@type\":\"ImageObject\",\"inLanguage\":\"es\",\"@id\":\"https:\/\/www.molidelpont.com\/en\/cases\/el-carcaba\/#primaryimage\",\"url\":\"https:\/\/www.molidelpont.com\/wp-content\/uploads\/2013\/10\/DSC_0194-2.jpg\",\"contentUrl\":\"https:\/\/www.molidelpont.com\/wp-content\/uploads\/2013\/10\/DSC_0194-2.jpg\",\"width\":2397,\"height\":1216},{\"@type\":\"BreadcrumbList\",\"@id\":\"https:\/\/www.molidelpont.com\/en\/cases\/el-carcaba\/#breadcrumb\",\"itemListElement\":[{\"@type\":\"ListItem\",\"position\":1,\"name\":\"Home\",\"item\":\"https:\/\/www.molidelpont.com\/\"},{\"@type\":\"ListItem\",\"position\":2,\"name\":\"Cases\",\"item\":\"https:\/\/www.molidelpont.com\/cases\/\"},{\"@type\":\"ListItem\",\"position\":3,\"name\":\"El Carcaba\"}]},{\"@type\":\"WebSite\",\"@id\":\"https:\/\/www.molidelpont.com\/#website\",\"url\":\"https:\/\/www.molidelpont.com\/\",\"name\":\"Mol\u00ed del Pont - Casa rural Tarragona Cornudella de Montsant Priorat\",\"description\":\"\",\"potentialAction\":[{\"@type\":\"SearchAction\",\"target\":{\"@type\":\"EntryPoint\",\"urlTemplate\":\"https:\/\/www.molidelpont.com\/?s={search_term_string}\"},\"query-input\":\"required name=search_term_string\"}],\"inLanguage\":\"es\"}]}<\/script>\n<!-- \/ Yoast SEO plugin. -->","yoast_head_json":{"title":"[:ca]El Carcab\u00e0[:es]El Carcab\u00e0[:en]El Carcaba[:] - Mol\u00ed del Pont - Casa rural Tarragona Cornudella de Montsant Priorat","robots":{"index":"index","follow":"follow","max-snippet":"max-snippet:-1","max-image-preview":"max-image-preview:large","max-video-preview":"max-video-preview:-1"},"canonical":"https:\/\/www.molidelpont.com\/en\/cases\/el-carcaba\/","og_locale":"es_ES","og_type":"article","og_title":"[:ca]El Carcab\u00e0[:es]El Carcab\u00e0[:en]El Carcaba[:] - Mol\u00ed del Pont - Casa rural Tarragona Cornudella de Montsant Priorat","og_description":"El Carcab\u00e0 es la casa esquinera, de menor capacidad, pero que por su distribuci\u00f3n original tiene una primera planta muy amplia. Dispone de una peque\u00f1a terraza privada. Por el hecho de ser la esquinera tiene todas las vistas laterales al parque natural de la sierra de Montsant. En la primera planta se encuentra el comedor, [&hellip;]","og_url":"https:\/\/www.molidelpont.com\/en\/cases\/el-carcaba\/","og_site_name":"Mol\u00ed del Pont - Casa rural Tarragona Cornudella de Montsant Priorat","article_modified_time":"2022-04-27T14:49:43+00:00","og_image":[{"width":2397,"height":1216,"url":"https:\/\/www.molidelpont.com\/wp-content\/uploads\/2013\/10\/DSC_0194-2.jpg","type":"image\/jpeg"}],"twitter_card":"summary_large_image","twitter_misc":{"Tiempo de lectura":"2 minutos"},"schema":{"@context":"https:\/\/schema.org","@graph":[{"@type":"WebPage","@id":"https:\/\/www.molidelpont.com\/en\/cases\/el-carcaba\/","url":"https:\/\/www.molidelpont.com\/en\/cases\/el-carcaba\/","name":"[:ca]El Carcab\u00e0[:es]El Carcab\u00e0[:en]El Carcaba[:] - Mol\u00ed del Pont - Casa rural Tarragona Cornudella de Montsant Priorat","isPartOf":{"@id":"https:\/\/www.molidelpont.com\/#website"},"primaryImageOfPage":{"@id":"https:\/\/www.molidelpont.com\/en\/cases\/el-carcaba\/#primaryimage"},"image":{"@id":"https:\/\/www.molidelpont.com\/en\/cases\/el-carcaba\/#primaryimage"},"thumbnailUrl":"https:\/\/www.molidelpont.com\/wp-content\/uploads\/2013\/10\/DSC_0194-2.jpg","datePublished":"2013-10-23T08:26:42+00:00","dateModified":"2022-04-27T14:49:43+00:00","breadcrumb":{"@id":"https:\/\/www.molidelpont.com\/en\/cases\/el-carcaba\/#breadcrumb"},"inLanguage":"es","potentialAction":[{"@type":"ReadAction","target":["https:\/\/www.molidelpont.com\/en\/cases\/el-carcaba\/"]}]},{"@type":"ImageObject","inLanguage":"es","@id":"https:\/\/www.molidelpont.com\/en\/cases\/el-carcaba\/#primaryimage","url":"https:\/\/www.molidelpont.com\/wp-content\/uploads\/2013\/10\/DSC_0194-2.jpg","contentUrl":"https:\/\/www.molidelpont.com\/wp-content\/uploads\/2013\/10\/DSC_0194-2.jpg","width":2397,"height":1216},{"@type":"BreadcrumbList","@id":"https:\/\/www.molidelpont.com\/en\/cases\/el-carcaba\/#breadcrumb","itemListElement":[{"@type":"ListItem","position":1,"name":"Home","item":"https:\/\/www.molidelpont.com\/"},{"@type":"ListItem","position":2,"name":"Cases","item":"https:\/\/www.molidelpont.com\/cases\/"},{"@type":"ListItem","position":3,"name":"El Carcaba"}]},{"@type":"WebSite","@id":"https:\/\/www.molidelpont.com\/#website","url":"https:\/\/www.molidelpont.com\/","name":"Mol\u00ed del Pont - Casa rural Tarragona Cornudella de Montsant Priorat","description":"","potentialAction":[{"@type":"SearchAction","target":{"@type":"EntryPoint","urlTemplate":"https:\/\/www.molidelpont.com\/?s={search_term_string}"},"query-input":"required name=search_term_string"}],"inLanguage":"es"}]}},"_links":{"self":[{"href":"https:\/\/www.molidelpont.com\/es\/wp-json\/wp\/v2\/pages\/46"}],"collection":[{"href":"https:\/\/www.molidelpont.com\/es\/wp-json\/wp\/v2\/pages"}],"about":[{"href":"https:\/\/www.molidelpont.com\/es\/wp-json\/wp\/v2\/types\/page"}],"author":[{"embeddable":true,"href":"https:\/\/www.molidelpont.com\/es\/wp-json\/wp\/v2\/users\/2"}],"replies":[{"embeddable":true,"href":"https:\/\/www.molidelpont.com\/es\/wp-json\/wp\/v2\/comments?post=46"}],"version-history":[{"count":52,"href":"https:\/\/www.molidelpont.com\/es\/wp-json\/wp\/v2\/pages\/46\/revisions"}],"predecessor-version":[{"id":665,"href":"https:\/\/www.molidelpont.com\/es\/wp-json\/wp\/v2\/pages\/46\/revisions\/665"}],"up":[{"embeddable":true,"href":"https:\/\/www.molidelpont.com\/es\/wp-json\/wp\/v2\/pages\/29"}],"wp:featuredmedia":[{"embeddable":true,"href":"https:\/\/www.molidelpont.com\/es\/wp-json\/wp\/v2\/media\/83"}],"wp:attachment":[{"href":"https:\/\/www.molidelpont.com\/es\/wp-json\/wp\/v2\/media?parent=46"}],"curies":[{"name":"wp","href":"https:\/\/api.w.org\/{rel}","templated":true}]}}