{"id":43,"date":"2013-10-23T08:25:41","date_gmt":"2013-10-23T08:25:41","guid":{"rendered":"http:\/\/localhost:8888\/PROYECTOS\/MoliDelPont\/dev\/wp\/?page_id=43"},"modified":"2024-07-22T13:28:59","modified_gmt":"2024-07-22T13:28:59","slug":"el-riscle","status":"publish","type":"page","link":"https:\/\/www.molidelpont.com\/es\/cases\/el-riscle\/","title":{"rendered":"El Riscle"},"content":{"rendered":"<p>El Riscle tiene las medidas ideales para ser una casa acogedora y c\u00f3moda. Su distribuci\u00f3n y su decoraci\u00f3n est\u00e1 pensada para hacer f\u00e1cil la vida de las personas que la ocupan, combinando funcionalidad y calidez.<\/p>\n<p>En la primera planta se encuentra la cocina totalmente equipada, con encimeras de piedra de la zona y un fregadero antiguo de piedra, el comedor y el sal\u00f3n con chimenea.<\/p>\n<p>En la segunda planta hay dos habitaciones de matrimonio,\u00a0decoradas de forma diferente, jugando con los colores de las paredes y el tipo de cama,\u00a0\u00a0un\u00a0ba\u00f1o completo con\u00a0elementos antiguos restaurados y con una decoraci\u00f3n adecuada al conjunto del alojamiento.<\/p>\n<p>Los techos abuhardillados y la madera r\u00fastica ofrecen una sensaci\u00f3n agradable e invitan al descanso. Los detalles r\u00fasticos estan presentes en cada rinc\u00f3n de la casa.<\/p>\n<p>La capacidad es para 4 personas con posibilidad de camas adicionales.<\/p>\n<p>La casa dispone de calefacci\u00f3n, lavadora y chimenea. Wifi gratuito. No dispone de lavavajillas ni aire acondicionado.<\/p>\n<p>La ropa de cama y ba\u00f1o est\u00e1 incluida.\u00a0A pesar de que los consumibles y le\u00f1a no est\u00e1n incluidos, siempre hay unos m\u00ednimos por gentileza.<\/p>\n<p>No se admiten mascotas.<\/p>\n<p>N\u00famero de Registro Tur\u00edstico PT-000181-43.<\/p>","protected":false},"excerpt":{"rendered":"<p>El Riscle tiene las medidas ideales para ser una casa acogedora y c\u00f3moda. Su distribuci\u00f3n y su decoraci\u00f3n est\u00e1 pensada para hacer f\u00e1cil la vida de las personas que la ocupan, combinando funcionalidad y calidez. En la primera planta se encuentra la cocina totalmente equipada, con encimeras de piedra de la zona y un fregadero [&hellip;]<\/p>\n","protected":false},"author":2,"featured_media":698,"parent":29,"menu_order":1,"comment_status":"open","ping_status":"open","template":"","meta":{"_monsterinsights_skip_tracking":false,"_monsterinsights_sitenote_active":false,"_monsterinsights_sitenote_note":"","_monsterinsights_sitenote_category":0,"footnotes":""},"yoast_head":"<!-- This site is optimized with the Yoast SEO plugin v23.0 - https:\/\/yoast.com\/wordpress\/plugins\/seo\/ -->\n<title>El Riscle - Mol\u00ed del Pont - Casa rural Tarragona Cornudella de Montsant Priorat<\/title>\n<meta name=\"robots\" content=\"index, follow, max-snippet:-1, max-image-preview:large, max-video-preview:-1\" \/>\n<link rel=\"canonical\" href=\"https:\/\/www.molidelpont.com\/cases\/el-riscle\/\" \/>\n<meta property=\"og:locale\" content=\"es_ES\" \/>\n<meta property=\"og:type\" content=\"article\" \/>\n<meta property=\"og:title\" content=\"El Riscle - Mol\u00ed del Pont - Casa rural Tarragona Cornudella de Montsant Priorat\" \/>\n<meta property=\"og:description\" content=\"El Riscle tiene las medidas ideales para ser una casa acogedora y c\u00f3moda. Su distribuci\u00f3n y su decoraci\u00f3n est\u00e1 pensada para hacer f\u00e1cil la vida de las personas que la ocupan, combinando funcionalidad y calidez. En la primera planta se encuentra la cocina totalmente equipada, con encimeras de piedra de la zona y un fregadero [&hellip;]\" \/>\n<meta property=\"og:url\" content=\"https:\/\/www.molidelpont.com\/cases\/el-riscle\/\" \/>\n<meta property=\"og:site_name\" content=\"Mol\u00ed del Pont - Casa rural Tarragona Cornudella de Montsant Priorat\" \/>\n<meta property=\"article:modified_time\" content=\"2024-07-22T13:28:59+00:00\" \/>\n<meta property=\"og:image\" content=\"https:\/\/www.molidelpont.com\/wp-content\/uploads\/2024\/07\/DSC_0010_b.jpg\" \/>\n\t<meta property=\"og:image:width\" content=\"1280\" \/>\n\t<meta property=\"og:image:height\" content=\"857\" \/>\n\t<meta property=\"og:image:type\" content=\"image\/jpeg\" \/>\n<meta name=\"twitter:card\" content=\"summary_large_image\" \/>\n<meta name=\"twitter:label1\" content=\"Tiempo de lectura\" \/>\n\t<meta name=\"twitter:data1\" content=\"2 minutos\" \/>\n<script type=\"application\/ld+json\" class=\"yoast-schema-graph\">{\"@context\":\"https:\/\/schema.org\",\"@graph\":[{\"@type\":\"WebPage\",\"@id\":\"https:\/\/www.molidelpont.com\/cases\/el-riscle\/\",\"url\":\"https:\/\/www.molidelpont.com\/cases\/el-riscle\/\",\"name\":\"El Riscle - Mol\u00ed del Pont - Casa rural Tarragona Cornudella de Montsant Priorat\",\"isPartOf\":{\"@id\":\"https:\/\/www.molidelpont.com\/#website\"},\"primaryImageOfPage\":{\"@id\":\"https:\/\/www.molidelpont.com\/cases\/el-riscle\/#primaryimage\"},\"image\":{\"@id\":\"https:\/\/www.molidelpont.com\/cases\/el-riscle\/#primaryimage\"},\"thumbnailUrl\":\"https:\/\/www.molidelpont.com\/wp-content\/uploads\/2024\/07\/DSC_0010_b.jpg\",\"datePublished\":\"2013-10-23T08:25:41+00:00\",\"dateModified\":\"2024-07-22T13:28:59+00:00\",\"breadcrumb\":{\"@id\":\"https:\/\/www.molidelpont.com\/cases\/el-riscle\/#breadcrumb\"},\"inLanguage\":\"es\",\"potentialAction\":[{\"@type\":\"ReadAction\",\"target\":[\"https:\/\/www.molidelpont.com\/cases\/el-riscle\/\"]}]},{\"@type\":\"ImageObject\",\"inLanguage\":\"es\",\"@id\":\"https:\/\/www.molidelpont.com\/cases\/el-riscle\/#primaryimage\",\"url\":\"https:\/\/www.molidelpont.com\/wp-content\/uploads\/2024\/07\/DSC_0010_b.jpg\",\"contentUrl\":\"https:\/\/www.molidelpont.com\/wp-content\/uploads\/2024\/07\/DSC_0010_b.jpg\",\"width\":1280,\"height\":857},{\"@type\":\"BreadcrumbList\",\"@id\":\"https:\/\/www.molidelpont.com\/cases\/el-riscle\/#breadcrumb\",\"itemListElement\":[{\"@type\":\"ListItem\",\"position\":1,\"name\":\"Home\",\"item\":\"https:\/\/www.molidelpont.com\/\"},{\"@type\":\"ListItem\",\"position\":2,\"name\":\"Cases\",\"item\":\"https:\/\/www.molidelpont.com\/cases\/\"},{\"@type\":\"ListItem\",\"position\":3,\"name\":\"El Riscle\"}]},{\"@type\":\"WebSite\",\"@id\":\"https:\/\/www.molidelpont.com\/#website\",\"url\":\"https:\/\/www.molidelpont.com\/\",\"name\":\"Mol\u00ed del Pont - Casa rural Tarragona Cornudella de Montsant Priorat\",\"description\":\"\",\"potentialAction\":[{\"@type\":\"SearchAction\",\"target\":{\"@type\":\"EntryPoint\",\"urlTemplate\":\"https:\/\/www.molidelpont.com\/?s={search_term_string}\"},\"query-input\":\"required name=search_term_string\"}],\"inLanguage\":\"es\"}]}<\/script>\n<!-- \/ Yoast SEO plugin. -->","yoast_head_json":{"title":"El Riscle - Mol\u00ed del Pont - Casa rural Tarragona Cornudella de Montsant Priorat","robots":{"index":"index","follow":"follow","max-snippet":"max-snippet:-1","max-image-preview":"max-image-preview:large","max-video-preview":"max-video-preview:-1"},"canonical":"https:\/\/www.molidelpont.com\/cases\/el-riscle\/","og_locale":"es_ES","og_type":"article","og_title":"El Riscle - Mol\u00ed del Pont - Casa rural Tarragona Cornudella de Montsant Priorat","og_description":"El Riscle tiene las medidas ideales para ser una casa acogedora y c\u00f3moda. Su distribuci\u00f3n y su decoraci\u00f3n est\u00e1 pensada para hacer f\u00e1cil la vida de las personas que la ocupan, combinando funcionalidad y calidez. En la primera planta se encuentra la cocina totalmente equipada, con encimeras de piedra de la zona y un fregadero [&hellip;]","og_url":"https:\/\/www.molidelpont.com\/cases\/el-riscle\/","og_site_name":"Mol\u00ed del Pont - Casa rural Tarragona Cornudella de Montsant Priorat","article_modified_time":"2024-07-22T13:28:59+00:00","og_image":[{"width":1280,"height":857,"url":"https:\/\/www.molidelpont.com\/wp-content\/uploads\/2024\/07\/DSC_0010_b.jpg","type":"image\/jpeg"}],"twitter_card":"summary_large_image","twitter_misc":{"Tiempo de lectura":"2 minutos"},"schema":{"@context":"https:\/\/schema.org","@graph":[{"@type":"WebPage","@id":"https:\/\/www.molidelpont.com\/cases\/el-riscle\/","url":"https:\/\/www.molidelpont.com\/cases\/el-riscle\/","name":"El Riscle - Mol\u00ed del Pont - Casa rural Tarragona Cornudella de Montsant Priorat","isPartOf":{"@id":"https:\/\/www.molidelpont.com\/#website"},"primaryImageOfPage":{"@id":"https:\/\/www.molidelpont.com\/cases\/el-riscle\/#primaryimage"},"image":{"@id":"https:\/\/www.molidelpont.com\/cases\/el-riscle\/#primaryimage"},"thumbnailUrl":"https:\/\/www.molidelpont.com\/wp-content\/uploads\/2024\/07\/DSC_0010_b.jpg","datePublished":"2013-10-23T08:25:41+00:00","dateModified":"2024-07-22T13:28:59+00:00","breadcrumb":{"@id":"https:\/\/www.molidelpont.com\/cases\/el-riscle\/#breadcrumb"},"inLanguage":"es","potentialAction":[{"@type":"ReadAction","target":["https:\/\/www.molidelpont.com\/cases\/el-riscle\/"]}]},{"@type":"ImageObject","inLanguage":"es","@id":"https:\/\/www.molidelpont.com\/cases\/el-riscle\/#primaryimage","url":"https:\/\/www.molidelpont.com\/wp-content\/uploads\/2024\/07\/DSC_0010_b.jpg","contentUrl":"https:\/\/www.molidelpont.com\/wp-content\/uploads\/2024\/07\/DSC_0010_b.jpg","width":1280,"height":857},{"@type":"BreadcrumbList","@id":"https:\/\/www.molidelpont.com\/cases\/el-riscle\/#breadcrumb","itemListElement":[{"@type":"ListItem","position":1,"name":"Home","item":"https:\/\/www.molidelpont.com\/"},{"@type":"ListItem","position":2,"name":"Cases","item":"https:\/\/www.molidelpont.com\/cases\/"},{"@type":"ListItem","position":3,"name":"El Riscle"}]},{"@type":"WebSite","@id":"https:\/\/www.molidelpont.com\/#website","url":"https:\/\/www.molidelpont.com\/","name":"Mol\u00ed del Pont - Casa rural Tarragona Cornudella de Montsant Priorat","description":"","potentialAction":[{"@type":"SearchAction","target":{"@type":"EntryPoint","urlTemplate":"https:\/\/www.molidelpont.com\/?s={search_term_string}"},"query-input":"required name=search_term_string"}],"inLanguage":"es"}]}},"_links":{"self":[{"href":"https:\/\/www.molidelpont.com\/es\/wp-json\/wp\/v2\/pages\/43"}],"collection":[{"href":"https:\/\/www.molidelpont.com\/es\/wp-json\/wp\/v2\/pages"}],"about":[{"href":"https:\/\/www.molidelpont.com\/es\/wp-json\/wp\/v2\/types\/page"}],"author":[{"embeddable":true,"href":"https:\/\/www.molidelpont.com\/es\/wp-json\/wp\/v2\/users\/2"}],"replies":[{"embeddable":true,"href":"https:\/\/www.molidelpont.com\/es\/wp-json\/wp\/v2\/comments?post=43"}],"version-history":[{"count":31,"href":"https:\/\/www.molidelpont.com\/es\/wp-json\/wp\/v2\/pages\/43\/revisions"}],"predecessor-version":[{"id":637,"href":"https:\/\/www.molidelpont.com\/es\/wp-json\/wp\/v2\/pages\/43\/revisions\/637"}],"up":[{"embeddable":true,"href":"https:\/\/www.molidelpont.com\/es\/wp-json\/wp\/v2\/pages\/29"}],"wp:featuredmedia":[{"embeddable":true,"href":"https:\/\/www.molidelpont.com\/es\/wp-json\/wp\/v2\/media\/698"}],"wp:attachment":[{"href":"https:\/\/www.molidelpont.com\/es\/wp-json\/wp\/v2\/media?parent=43"}],"curies":[{"name":"wp","href":"https:\/\/api.w.org\/{rel}","templated":true}]}}