{"id":31,"date":"2013-10-22T15:11:57","date_gmt":"2013-10-22T15:11:57","guid":{"rendered":"http:\/\/localhost:8888\/PROYECTOS\/MoliDelPont\/dev\/wp\/?page_id=31"},"modified":"2022-05-09T10:27:34","modified_gmt":"2022-05-09T10:27:34","slug":"el-canalot","status":"publish","type":"page","link":"https:\/\/www.molidelpont.com\/es\/cases\/el-canalot\/","title":{"rendered":"El Canalot"},"content":{"rendered":"<p>El Canalot es la casa m\u00e1s grande. Combina la estructura original de la casa del molinero con la reconstrucci\u00f3n efectuada en el a\u00f1o 2000. En su interior se pueden observar, claramente, los antiguos muros de piedra y las paredes modernas, consiguiendo una combinaci\u00f3n con un encanto especial. El objetivo, al afrontar este proyecto, fue mantener el m\u00e1ximo de elementos originales.<\/p>\n<p>En la primera planta se encuentra la cocina totalmente equipada, con una encimera de piedra y fregadero tambi\u00e9n de piedra\u00a0recuperado de los a\u00f1os 50,\u00a0el comedor, el sal\u00f3n con chimenea y una habitaci\u00f3n doble.<\/p>\n<p>En la segunda planta, unida con la primera a trav\u00e9s de una escalera de caracol, \u00a0hay dos habitaciones de matrimonio y dos ba\u00f1os, un de ellos,\u00a0 dentro de una de las habitaciones.<\/p>\n<p>Los techos abuhardillados y la madera r\u00fastica ofrecen una sensaci\u00f3n agradable e invitan al descanso. Los detalles r\u00fasticos est\u00e1n presentes en cada rinc\u00f3n de la casa.<\/p>\n<p>La capacidad es para 6 personas con posibilidad de cama adicional.<\/p>\n<p>La casa dispone de calefacci\u00f3n, lavadora, lavaplatos y chimenea. Wifi gratuito. No dispone de aire acondicionado.<\/p>\n<p>La ropa de cama y ba\u00f1o est\u00e1 incluida. A pesar de que los consumibles y le\u00f1a no est\u00e1n incluidos, siempre hay unos m\u00ednimos por gentileza.<\/p>\n<p>No se admiten mascotas.<\/p>\n<p>N\u00famero de Registro Tur\u00edstico PT-000182-42.<\/p>","protected":false},"excerpt":{"rendered":"<p>El Canalot es la casa m\u00e1s grande. Combina la estructura original de la casa del molinero con la reconstrucci\u00f3n efectuada en el a\u00f1o 2000. En su interior se pueden observar, claramente, los antiguos muros de piedra y las paredes modernas, consiguiendo una combinaci\u00f3n con un encanto especial. El objetivo, al afrontar este proyecto, fue mantener [&hellip;]<\/p>\n","protected":false},"author":2,"featured_media":658,"parent":29,"menu_order":0,"comment_status":"open","ping_status":"open","template":"","meta":{"_monsterinsights_skip_tracking":false,"_monsterinsights_sitenote_active":false,"_monsterinsights_sitenote_note":"","_monsterinsights_sitenote_category":0,"footnotes":""},"yoast_head":"<!-- This site is optimized with the Yoast SEO plugin v23.0 - https:\/\/yoast.com\/wordpress\/plugins\/seo\/ -->\n<title>El Canalot - Mol\u00ed del Pont - Casa rural Tarragona Cornudella de Montsant Priorat<\/title>\n<meta name=\"robots\" content=\"index, follow, max-snippet:-1, max-image-preview:large, max-video-preview:-1\" \/>\n<link rel=\"canonical\" href=\"https:\/\/www.molidelpont.com\/es\/cases\/el-canalot\/\" \/>\n<meta property=\"og:locale\" content=\"es_ES\" \/>\n<meta property=\"og:type\" content=\"article\" \/>\n<meta property=\"og:title\" content=\"El Canalot - Mol\u00ed del Pont - Casa rural Tarragona Cornudella de Montsant Priorat\" \/>\n<meta property=\"og:description\" content=\"El Canalot es la casa m\u00e1s grande. Combina la estructura original de la casa del molinero con la reconstrucci\u00f3n efectuada en el a\u00f1o 2000. En su interior se pueden observar, claramente, los antiguos muros de piedra y las paredes modernas, consiguiendo una combinaci\u00f3n con un encanto especial. El objetivo, al afrontar este proyecto, fue mantener [&hellip;]\" \/>\n<meta property=\"og:url\" content=\"https:\/\/www.molidelpont.com\/es\/cases\/el-canalot\/\" \/>\n<meta property=\"og:site_name\" content=\"Mol\u00ed del Pont - Casa rural Tarragona Cornudella de Montsant Priorat\" \/>\n<meta property=\"article:modified_time\" content=\"2022-05-09T10:27:34+00:00\" \/>\n<meta property=\"og:image\" content=\"https:\/\/www.molidelpont.com\/wp-content\/uploads\/2022\/04\/DSC_0086-1024x685.jpg\" \/>\n\t<meta property=\"og:image:width\" content=\"1024\" \/>\n\t<meta property=\"og:image:height\" content=\"685\" \/>\n\t<meta property=\"og:image:type\" content=\"image\/jpeg\" \/>\n<meta name=\"twitter:card\" content=\"summary_large_image\" \/>\n<meta name=\"twitter:label1\" content=\"Tiempo de lectura\" \/>\n\t<meta name=\"twitter:data1\" content=\"3 minutos\" \/>\n<script type=\"application\/ld+json\" class=\"yoast-schema-graph\">{\"@context\":\"https:\/\/schema.org\",\"@graph\":[{\"@type\":\"WebPage\",\"@id\":\"https:\/\/www.molidelpont.com\/es\/cases\/el-canalot\/\",\"url\":\"https:\/\/www.molidelpont.com\/es\/cases\/el-canalot\/\",\"name\":\"El Canalot - Mol\u00ed del Pont - Casa rural Tarragona Cornudella de Montsant Priorat\",\"isPartOf\":{\"@id\":\"https:\/\/www.molidelpont.com\/#website\"},\"primaryImageOfPage\":{\"@id\":\"https:\/\/www.molidelpont.com\/es\/cases\/el-canalot\/#primaryimage\"},\"image\":{\"@id\":\"https:\/\/www.molidelpont.com\/es\/cases\/el-canalot\/#primaryimage\"},\"thumbnailUrl\":\"https:\/\/www.molidelpont.com\/wp-content\/uploads\/2022\/04\/DSC_0086.jpg\",\"datePublished\":\"2013-10-22T15:11:57+00:00\",\"dateModified\":\"2022-05-09T10:27:34+00:00\",\"breadcrumb\":{\"@id\":\"https:\/\/www.molidelpont.com\/es\/cases\/el-canalot\/#breadcrumb\"},\"inLanguage\":\"es\",\"potentialAction\":[{\"@type\":\"ReadAction\",\"target\":[\"https:\/\/www.molidelpont.com\/es\/cases\/el-canalot\/\"]}]},{\"@type\":\"ImageObject\",\"inLanguage\":\"es\",\"@id\":\"https:\/\/www.molidelpont.com\/es\/cases\/el-canalot\/#primaryimage\",\"url\":\"https:\/\/www.molidelpont.com\/wp-content\/uploads\/2022\/04\/DSC_0086.jpg\",\"contentUrl\":\"https:\/\/www.molidelpont.com\/wp-content\/uploads\/2022\/04\/DSC_0086.jpg\",\"width\":3872,\"height\":2592},{\"@type\":\"BreadcrumbList\",\"@id\":\"https:\/\/www.molidelpont.com\/es\/cases\/el-canalot\/#breadcrumb\",\"itemListElement\":[{\"@type\":\"ListItem\",\"position\":1,\"name\":\"Home\",\"item\":\"https:\/\/www.molidelpont.com\/\"},{\"@type\":\"ListItem\",\"position\":2,\"name\":\"Cases\",\"item\":\"https:\/\/www.molidelpont.com\/cases\/\"},{\"@type\":\"ListItem\",\"position\":3,\"name\":\"El Canalot\"}]},{\"@type\":\"WebSite\",\"@id\":\"https:\/\/www.molidelpont.com\/#website\",\"url\":\"https:\/\/www.molidelpont.com\/\",\"name\":\"Mol\u00ed del Pont - Casa rural Tarragona Cornudella de Montsant Priorat\",\"description\":\"\",\"potentialAction\":[{\"@type\":\"SearchAction\",\"target\":{\"@type\":\"EntryPoint\",\"urlTemplate\":\"https:\/\/www.molidelpont.com\/?s={search_term_string}\"},\"query-input\":\"required name=search_term_string\"}],\"inLanguage\":\"es\"}]}<\/script>\n<!-- \/ Yoast SEO plugin. -->","yoast_head_json":{"title":"El Canalot - Mol\u00ed del Pont - Casa rural Tarragona Cornudella de Montsant Priorat","robots":{"index":"index","follow":"follow","max-snippet":"max-snippet:-1","max-image-preview":"max-image-preview:large","max-video-preview":"max-video-preview:-1"},"canonical":"https:\/\/www.molidelpont.com\/es\/cases\/el-canalot\/","og_locale":"es_ES","og_type":"article","og_title":"El Canalot - Mol\u00ed del Pont - Casa rural Tarragona Cornudella de Montsant Priorat","og_description":"El Canalot es la casa m\u00e1s grande. Combina la estructura original de la casa del molinero con la reconstrucci\u00f3n efectuada en el a\u00f1o 2000. En su interior se pueden observar, claramente, los antiguos muros de piedra y las paredes modernas, consiguiendo una combinaci\u00f3n con un encanto especial. El objetivo, al afrontar este proyecto, fue mantener [&hellip;]","og_url":"https:\/\/www.molidelpont.com\/es\/cases\/el-canalot\/","og_site_name":"Mol\u00ed del Pont - Casa rural Tarragona Cornudella de Montsant Priorat","article_modified_time":"2022-05-09T10:27:34+00:00","og_image":[{"width":1024,"height":685,"url":"https:\/\/www.molidelpont.com\/wp-content\/uploads\/2022\/04\/DSC_0086-1024x685.jpg","type":"image\/jpeg"}],"twitter_card":"summary_large_image","twitter_misc":{"Tiempo de lectura":"3 minutos"},"schema":{"@context":"https:\/\/schema.org","@graph":[{"@type":"WebPage","@id":"https:\/\/www.molidelpont.com\/es\/cases\/el-canalot\/","url":"https:\/\/www.molidelpont.com\/es\/cases\/el-canalot\/","name":"El Canalot - Mol\u00ed del Pont - Casa rural Tarragona Cornudella de Montsant Priorat","isPartOf":{"@id":"https:\/\/www.molidelpont.com\/#website"},"primaryImageOfPage":{"@id":"https:\/\/www.molidelpont.com\/es\/cases\/el-canalot\/#primaryimage"},"image":{"@id":"https:\/\/www.molidelpont.com\/es\/cases\/el-canalot\/#primaryimage"},"thumbnailUrl":"https:\/\/www.molidelpont.com\/wp-content\/uploads\/2022\/04\/DSC_0086.jpg","datePublished":"2013-10-22T15:11:57+00:00","dateModified":"2022-05-09T10:27:34+00:00","breadcrumb":{"@id":"https:\/\/www.molidelpont.com\/es\/cases\/el-canalot\/#breadcrumb"},"inLanguage":"es","potentialAction":[{"@type":"ReadAction","target":["https:\/\/www.molidelpont.com\/es\/cases\/el-canalot\/"]}]},{"@type":"ImageObject","inLanguage":"es","@id":"https:\/\/www.molidelpont.com\/es\/cases\/el-canalot\/#primaryimage","url":"https:\/\/www.molidelpont.com\/wp-content\/uploads\/2022\/04\/DSC_0086.jpg","contentUrl":"https:\/\/www.molidelpont.com\/wp-content\/uploads\/2022\/04\/DSC_0086.jpg","width":3872,"height":2592},{"@type":"BreadcrumbList","@id":"https:\/\/www.molidelpont.com\/es\/cases\/el-canalot\/#breadcrumb","itemListElement":[{"@type":"ListItem","position":1,"name":"Home","item":"https:\/\/www.molidelpont.com\/"},{"@type":"ListItem","position":2,"name":"Cases","item":"https:\/\/www.molidelpont.com\/cases\/"},{"@type":"ListItem","position":3,"name":"El Canalot"}]},{"@type":"WebSite","@id":"https:\/\/www.molidelpont.com\/#website","url":"https:\/\/www.molidelpont.com\/","name":"Mol\u00ed del Pont - Casa rural Tarragona Cornudella de Montsant Priorat","description":"","potentialAction":[{"@type":"SearchAction","target":{"@type":"EntryPoint","urlTemplate":"https:\/\/www.molidelpont.com\/?s={search_term_string}"},"query-input":"required name=search_term_string"}],"inLanguage":"es"}]}},"_links":{"self":[{"href":"https:\/\/www.molidelpont.com\/es\/wp-json\/wp\/v2\/pages\/31"}],"collection":[{"href":"https:\/\/www.molidelpont.com\/es\/wp-json\/wp\/v2\/pages"}],"about":[{"href":"https:\/\/www.molidelpont.com\/es\/wp-json\/wp\/v2\/types\/page"}],"author":[{"embeddable":true,"href":"https:\/\/www.molidelpont.com\/es\/wp-json\/wp\/v2\/users\/2"}],"replies":[{"embeddable":true,"href":"https:\/\/www.molidelpont.com\/es\/wp-json\/wp\/v2\/comments?post=31"}],"version-history":[{"count":51,"href":"https:\/\/www.molidelpont.com\/es\/wp-json\/wp\/v2\/pages\/31\/revisions"}],"predecessor-version":[{"id":667,"href":"https:\/\/www.molidelpont.com\/es\/wp-json\/wp\/v2\/pages\/31\/revisions\/667"}],"up":[{"embeddable":true,"href":"https:\/\/www.molidelpont.com\/es\/wp-json\/wp\/v2\/pages\/29"}],"wp:featuredmedia":[{"embeddable":true,"href":"https:\/\/www.molidelpont.com\/es\/wp-json\/wp\/v2\/media\/658"}],"wp:attachment":[{"href":"https:\/\/www.molidelpont.com\/es\/wp-json\/wp\/v2\/media?parent=31"}],"curies":[{"name":"wp","href":"https:\/\/api.w.org\/{rel}","templated":true}]}}