{"id":29,"date":"2013-10-22T15:11:08","date_gmt":"2013-10-22T15:11:08","guid":{"rendered":"http:\/\/localhost:8888\/PROYECTOS\/MoliDelPont\/dev\/wp\/?page_id=29"},"modified":"2020-07-25T09:44:06","modified_gmt":"2020-07-25T09:44:06","slug":"cases","status":"publish","type":"page","link":"https:\/\/www.molidelpont.com\/es\/cases\/","title":{"rendered":"Casas"},"content":{"rendered":"<p>El Mol\u00ed del Pont est\u00e1 dividido interiormente y verticalmente en tres casas independientes de diferente capacidad.<\/p>\n<p>Cada una de ellas lleva el nombre de alguna de las partes del mecanismo de un molino harinero.<\/p>\n<p>Se ofrece el servicio de alojamiento.<\/p>\n<p>Las casas constan de dos planta unidas por una escalera de caracol y con techos abuhardillados con vigas de madera.<\/p>\n<p>La planta baja, consta de comedor, sal\u00f3n con chimenea, televisi\u00f3n y cocina totalmente equipada con todos los enseres, nevera, horno y lavadora.<\/p>\n<p>En la segunda planta, se encuentran las habitaciones y los ba\u00f1os.<\/p>\n<p>En todas las casas predomina un ambiente r\u00fastico, vigas, suelos de madera, piezas restauradas de mobiliario rural y otros elementos de decoraci\u00f3n que les dan un ambiente acogedor y confortable.<\/p>\n<p>Se dispone de calefacci\u00f3n en todas las casas y algunas con vistas panor\u00e1micas a la Sierra de Montsant.<\/p>","protected":false},"excerpt":{"rendered":"<p>El Mol\u00ed del Pont est\u00e1 dividido interiormente y verticalmente en tres casas independientes de diferente capacidad. Cada una de ellas lleva el nombre de alguna de las partes del mecanismo de un molino harinero. Se ofrece el servicio de alojamiento. Las casas constan de dos planta unidas por una escalera de caracol y con techos [&hellip;]<\/p>\n","protected":false},"author":2,"featured_media":0,"parent":0,"menu_order":0,"comment_status":"open","ping_status":"open","template":"cases.php","meta":{"_monsterinsights_skip_tracking":false,"_monsterinsights_sitenote_active":false,"_monsterinsights_sitenote_note":"","_monsterinsights_sitenote_category":0,"footnotes":""},"yoast_head":"<!-- This site is optimized with the Yoast SEO plugin v23.0 - https:\/\/yoast.com\/wordpress\/plugins\/seo\/ -->\n<title>Casas - Mol\u00ed del Pont - Casa rural Tarragona Cornudella de Montsant Priorat<\/title>\n<meta name=\"robots\" content=\"index, follow, max-snippet:-1, max-image-preview:large, max-video-preview:-1\" \/>\n<link rel=\"canonical\" href=\"https:\/\/www.molidelpont.com\/cases\/\" \/>\n<meta property=\"og:locale\" content=\"es_ES\" \/>\n<meta property=\"og:type\" content=\"article\" \/>\n<meta property=\"og:title\" content=\"[:ca]Cases[:es]Casas[:en]Our Lodgings[:] - Mol\u00ed del Pont - Casa rural Tarragona Cornudella de Montsant Priorat\" \/>\n<meta property=\"og:description\" content=\"El Mol\u00ed del Pont est\u00e1 dividido interiormente y verticalmente en tres casas independientes de diferente capacidad. Cada una de ellas lleva el nombre de alguna de las partes del mecanismo de un molino harinero. Se ofrece el servicio de alojamiento. Las casas constan de dos planta unidas por una escalera de caracol y con techos [&hellip;]\" \/>\n<meta property=\"og:url\" content=\"https:\/\/www.molidelpont.com\/cases\/\" \/>\n<meta property=\"og:site_name\" content=\"Mol\u00ed del Pont - Casa rural Tarragona Cornudella de Montsant Priorat\" \/>\n<meta property=\"article:modified_time\" content=\"2020-07-25T09:44:06+00:00\" \/>\n<meta name=\"twitter:card\" content=\"summary_large_image\" \/>\n<meta name=\"twitter:label1\" content=\"Tiempo de lectura\" \/>\n\t<meta name=\"twitter:data1\" content=\"2 minutos\" \/>\n<script type=\"application\/ld+json\" class=\"yoast-schema-graph\">{\"@context\":\"https:\/\/schema.org\",\"@graph\":[{\"@type\":\"WebPage\",\"@id\":\"https:\/\/www.molidelpont.com\/cases\/\",\"url\":\"https:\/\/www.molidelpont.com\/cases\/\",\"name\":\"[:ca]Cases[:es]Casas[:en]Our Lodgings[:] - Mol\u00ed del Pont - Casa rural Tarragona Cornudella de Montsant Priorat\",\"isPartOf\":{\"@id\":\"https:\/\/www.molidelpont.com\/#website\"},\"datePublished\":\"2013-10-22T15:11:08+00:00\",\"dateModified\":\"2020-07-25T09:44:06+00:00\",\"breadcrumb\":{\"@id\":\"https:\/\/www.molidelpont.com\/cases\/#breadcrumb\"},\"inLanguage\":\"es\",\"potentialAction\":[{\"@type\":\"ReadAction\",\"target\":[\"https:\/\/www.molidelpont.com\/cases\/\"]}]},{\"@type\":\"BreadcrumbList\",\"@id\":\"https:\/\/www.molidelpont.com\/cases\/#breadcrumb\",\"itemListElement\":[{\"@type\":\"ListItem\",\"position\":1,\"name\":\"Home\",\"item\":\"https:\/\/www.molidelpont.com\/\"},{\"@type\":\"ListItem\",\"position\":2,\"name\":\"Cases\"}]},{\"@type\":\"WebSite\",\"@id\":\"https:\/\/www.molidelpont.com\/#website\",\"url\":\"https:\/\/www.molidelpont.com\/\",\"name\":\"Mol\u00ed del Pont - Casa rural Tarragona Cornudella de Montsant Priorat\",\"description\":\"\",\"potentialAction\":[{\"@type\":\"SearchAction\",\"target\":{\"@type\":\"EntryPoint\",\"urlTemplate\":\"https:\/\/www.molidelpont.com\/?s={search_term_string}\"},\"query-input\":\"required name=search_term_string\"}],\"inLanguage\":\"es\"}]}<\/script>\n<!-- \/ Yoast SEO plugin. -->","yoast_head_json":{"title":"[:ca]Cases[:es]Casas[:en]Our Lodgings[:] - Mol\u00ed del Pont - Casa rural Tarragona Cornudella de Montsant Priorat","robots":{"index":"index","follow":"follow","max-snippet":"max-snippet:-1","max-image-preview":"max-image-preview:large","max-video-preview":"max-video-preview:-1"},"canonical":"https:\/\/www.molidelpont.com\/cases\/","og_locale":"es_ES","og_type":"article","og_title":"[:ca]Cases[:es]Casas[:en]Our Lodgings[:] - Mol\u00ed del Pont - Casa rural Tarragona Cornudella de Montsant Priorat","og_description":"El Mol\u00ed del Pont est\u00e1 dividido interiormente y verticalmente en tres casas independientes de diferente capacidad. Cada una de ellas lleva el nombre de alguna de las partes del mecanismo de un molino harinero. Se ofrece el servicio de alojamiento. Las casas constan de dos planta unidas por una escalera de caracol y con techos [&hellip;]","og_url":"https:\/\/www.molidelpont.com\/cases\/","og_site_name":"Mol\u00ed del Pont - Casa rural Tarragona Cornudella de Montsant Priorat","article_modified_time":"2020-07-25T09:44:06+00:00","twitter_card":"summary_large_image","twitter_misc":{"Tiempo de lectura":"2 minutos"},"schema":{"@context":"https:\/\/schema.org","@graph":[{"@type":"WebPage","@id":"https:\/\/www.molidelpont.com\/cases\/","url":"https:\/\/www.molidelpont.com\/cases\/","name":"[:ca]Cases[:es]Casas[:en]Our Lodgings[:] - Mol\u00ed del Pont - Casa rural Tarragona Cornudella de Montsant Priorat","isPartOf":{"@id":"https:\/\/www.molidelpont.com\/#website"},"datePublished":"2013-10-22T15:11:08+00:00","dateModified":"2020-07-25T09:44:06+00:00","breadcrumb":{"@id":"https:\/\/www.molidelpont.com\/cases\/#breadcrumb"},"inLanguage":"es","potentialAction":[{"@type":"ReadAction","target":["https:\/\/www.molidelpont.com\/cases\/"]}]},{"@type":"BreadcrumbList","@id":"https:\/\/www.molidelpont.com\/cases\/#breadcrumb","itemListElement":[{"@type":"ListItem","position":1,"name":"Home","item":"https:\/\/www.molidelpont.com\/"},{"@type":"ListItem","position":2,"name":"Cases"}]},{"@type":"WebSite","@id":"https:\/\/www.molidelpont.com\/#website","url":"https:\/\/www.molidelpont.com\/","name":"Mol\u00ed del Pont - Casa rural Tarragona Cornudella de Montsant Priorat","description":"","potentialAction":[{"@type":"SearchAction","target":{"@type":"EntryPoint","urlTemplate":"https:\/\/www.molidelpont.com\/?s={search_term_string}"},"query-input":"required name=search_term_string"}],"inLanguage":"es"}]}},"_links":{"self":[{"href":"https:\/\/www.molidelpont.com\/es\/wp-json\/wp\/v2\/pages\/29"}],"collection":[{"href":"https:\/\/www.molidelpont.com\/es\/wp-json\/wp\/v2\/pages"}],"about":[{"href":"https:\/\/www.molidelpont.com\/es\/wp-json\/wp\/v2\/types\/page"}],"author":[{"embeddable":true,"href":"https:\/\/www.molidelpont.com\/es\/wp-json\/wp\/v2\/users\/2"}],"replies":[{"embeddable":true,"href":"https:\/\/www.molidelpont.com\/es\/wp-json\/wp\/v2\/comments?post=29"}],"version-history":[{"count":26,"href":"https:\/\/www.molidelpont.com\/es\/wp-json\/wp\/v2\/pages\/29\/revisions"}],"predecessor-version":[{"id":591,"href":"https:\/\/www.molidelpont.com\/es\/wp-json\/wp\/v2\/pages\/29\/revisions\/591"}],"wp:attachment":[{"href":"https:\/\/www.molidelpont.com\/es\/wp-json\/wp\/v2\/media?parent=29"}],"curies":[{"name":"wp","href":"https:\/\/api.w.org\/{rel}","templated":true}]}}