{"id":16,"date":"2013-10-22T14:34:47","date_gmt":"2013-10-22T14:34:47","guid":{"rendered":"http:\/\/localhost:8888\/PROYECTOS\/MoliDelPont\/dev\/wp\/?page_id=16"},"modified":"2022-06-05T12:04:32","modified_gmt":"2022-06-05T12:04:32","slug":"tarifes","status":"publish","type":"page","link":"https:\/\/www.molidelpont.com\/es\/tarifes\/","title":{"rendered":"Tarifas"},"content":{"rendered":"<p>Las reservas seran por un m\u00ednimo de 2 noches.<\/p>\n<p>En puentes i\/o festivos los precios pueden variar.<\/p>\n<p>No est\u00e1 incluida la tasa tur\u00edstica de la Generalitat de Catalunya de 0,60 euros por noche y persona (mayor de 16 a\u00f1os).<\/p>\n<p>La casa se reserva el derecho de modificar la asignaci\u00f3n del alojamiento respetando plazas y precios reservados. La entrada es a partir de las 12:00h. y la salida antes de las 12:00h.<\/p>\n<p>La persona usuaria tiene derecho a cancelar la reserva confirmada, sin ninguna penalizaci\u00f3n, siempre que se haga antes de los quince d\u00edas anteriores a la fecha de llegada. En caso contrario, se aplicar\u00e1n las penalizaciones seg\u00fan art\u00edculo 26\u00a0Decret 159\/2012, de 20 de novembre, d&#8217;establiments d&#8217;allotjament tur\u00edstic i d&#8217;habitatges d&#8217;\u00fas tur\u00edstic.<\/p>\n<p>El uso de todas las instalaciones del Mol\u00ed del Pont es exclusivo para las personas alojadas.<\/p>\n<p>Para celebraciones\/fiestas es necesaria autorizaci\u00f3n previa de la propiedad.<\/p>\n<p><span id=\"tablepress-4-description\" class=\"tablepress-table-description tablepress-table-description-id-4\">RESUMEN DE PRECIOS<\/span>\n\n<table id=\"tablepress-4\" class=\"tablepress tablepress-id-4\" aria-describedby=\"tablepress-4-description\">\n<thead>\n<tr class=\"row-1 odd\">\n\t<th class=\"column-1\">Alojamiento<\/th><th class=\"column-2\">Ocupaci\u00f3n<br \/>\n(personas)<\/th><th class=\"column-3\">Precio noche<br \/>\n<\/th><th class=\"column-4\">Precio semana<br \/>\n(6 noches)<\/th><th class=\"column-5\">Precio cama adicional<\/th>\n<\/tr>\n<\/thead>\n<tbody class=\"row-hover\">\n<tr class=\"row-2 even\">\n\t<td class=\"column-1\">El Canalot <br \/>\n<\/td><td class=\"column-2\">6<br \/>\n4<\/td><td class=\"column-3\">505 \u20ac<br \/>\n400 \u20ac<\/td><td class=\"column-4\">2.730 \u20ac<br \/>\n2.160 \u20ac<\/td><td class=\"column-5\">50 \u20ac<br \/>\n-----<\/td>\n<\/tr>\n<tr class=\"row-3 odd\">\n\t<td class=\"column-1\">El Riscle <br \/>\n<\/td><td class=\"column-2\">4<br \/>\n2<\/td><td class=\"column-3\">280 \u20ac<br \/>\n160 \u20ac<\/td><td class=\"column-4\">1.560 \u20ac<br \/>\n   900 \u20ac <\/td><td class=\"column-5\">40 \u20ac<br \/>\n-----<\/td>\n<\/tr>\n<tr class=\"row-4 even\">\n\t<td class=\"column-1\">El Carcab\u00e0 <br \/>\n<\/td><td class=\"column-2\">2<\/td><td class=\"column-3\">190 \u20ac<\/td><td class=\"column-4\">1.100 \u20ac<\/td><td class=\"column-5\">-----<\/td>\n<\/tr>\n<tr class=\"row-5 odd\">\n\t<td class=\"column-1\"><\/td><td class=\"column-2\"><\/td><td class=\"column-3\"><\/td><td class=\"column-4\"><\/td><td class=\"column-5\"><\/td>\n<\/tr>\n<\/tbody>\n<\/table>\n<!-- #tablepress-4 from cache --><\/p>","protected":false},"excerpt":{"rendered":"<p>Las reservas seran por un m\u00ednimo de 2 noches. En puentes i\/o festivos los precios pueden variar. No est\u00e1 incluida la tasa tur\u00edstica de la Generalitat de Catalunya de 0,60 euros por noche y persona (mayor de 16 a\u00f1os). La casa se reserva el derecho de modificar la asignaci\u00f3n del alojamiento respetando plazas y precios [&hellip;]<\/p>\n","protected":false},"author":2,"featured_media":0,"parent":0,"menu_order":0,"comment_status":"open","ping_status":"open","template":"","meta":{"_monsterinsights_skip_tracking":false,"_monsterinsights_sitenote_active":false,"_monsterinsights_sitenote_note":"","_monsterinsights_sitenote_category":0,"footnotes":""},"yoast_head":"<!-- This site is optimized with the Yoast SEO plugin v23.0 - https:\/\/yoast.com\/wordpress\/plugins\/seo\/ -->\n<title>Tarifas - Mol\u00ed del Pont - Casa rural Tarragona Cornudella de Montsant Priorat<\/title>\n<meta name=\"robots\" content=\"index, follow, max-snippet:-1, max-image-preview:large, max-video-preview:-1\" \/>\n<link rel=\"canonical\" href=\"https:\/\/www.molidelpont.com\/tarifes\/\" \/>\n<meta property=\"og:locale\" content=\"es_ES\" \/>\n<meta property=\"og:type\" content=\"article\" \/>\n<meta property=\"og:title\" content=\"[:ca]Tarifes[:es]Tarifas[:en]Price List[:] - Mol\u00ed del Pont - Casa rural Tarragona Cornudella de Montsant Priorat\" \/>\n<meta property=\"og:description\" content=\"Las reservas seran por un m\u00ednimo de 2 noches. En puentes i\/o festivos los precios pueden variar. No est\u00e1 incluida la tasa tur\u00edstica de la Generalitat de Catalunya de 0,60 euros por noche y persona (mayor de 16 a\u00f1os). La casa se reserva el derecho de modificar la asignaci\u00f3n del alojamiento respetando plazas y precios [&hellip;]\" \/>\n<meta property=\"og:url\" content=\"https:\/\/www.molidelpont.com\/tarifes\/\" \/>\n<meta property=\"og:site_name\" content=\"Mol\u00ed del Pont - Casa rural Tarragona Cornudella de Montsant Priorat\" \/>\n<meta property=\"article:modified_time\" content=\"2022-06-05T12:04:32+00:00\" \/>\n<meta name=\"twitter:card\" content=\"summary_large_image\" \/>\n<meta name=\"twitter:label1\" content=\"Tiempo de lectura\" \/>\n\t<meta name=\"twitter:data1\" content=\"2 minutos\" \/>\n<script type=\"application\/ld+json\" class=\"yoast-schema-graph\">{\"@context\":\"https:\/\/schema.org\",\"@graph\":[{\"@type\":\"WebPage\",\"@id\":\"https:\/\/www.molidelpont.com\/tarifes\/\",\"url\":\"https:\/\/www.molidelpont.com\/tarifes\/\",\"name\":\"[:ca]Tarifes[:es]Tarifas[:en]Price List[:] - Mol\u00ed del Pont - Casa rural Tarragona Cornudella de Montsant Priorat\",\"isPartOf\":{\"@id\":\"https:\/\/www.molidelpont.com\/#website\"},\"datePublished\":\"2013-10-22T14:34:47+00:00\",\"dateModified\":\"2022-06-05T12:04:32+00:00\",\"breadcrumb\":{\"@id\":\"https:\/\/www.molidelpont.com\/tarifes\/#breadcrumb\"},\"inLanguage\":\"es\",\"potentialAction\":[{\"@type\":\"ReadAction\",\"target\":[\"https:\/\/www.molidelpont.com\/tarifes\/\"]}]},{\"@type\":\"BreadcrumbList\",\"@id\":\"https:\/\/www.molidelpont.com\/tarifes\/#breadcrumb\",\"itemListElement\":[{\"@type\":\"ListItem\",\"position\":1,\"name\":\"Home\",\"item\":\"https:\/\/www.molidelpont.com\/\"},{\"@type\":\"ListItem\",\"position\":2,\"name\":\"Tarifes\"}]},{\"@type\":\"WebSite\",\"@id\":\"https:\/\/www.molidelpont.com\/#website\",\"url\":\"https:\/\/www.molidelpont.com\/\",\"name\":\"Mol\u00ed del Pont - Casa rural Tarragona Cornudella de Montsant Priorat\",\"description\":\"\",\"potentialAction\":[{\"@type\":\"SearchAction\",\"target\":{\"@type\":\"EntryPoint\",\"urlTemplate\":\"https:\/\/www.molidelpont.com\/?s={search_term_string}\"},\"query-input\":\"required name=search_term_string\"}],\"inLanguage\":\"es\"}]}<\/script>\n<!-- \/ Yoast SEO plugin. -->","yoast_head_json":{"title":"[:ca]Tarifes[:es]Tarifas[:en]Price List[:] - Mol\u00ed del Pont - Casa rural Tarragona Cornudella de Montsant Priorat","robots":{"index":"index","follow":"follow","max-snippet":"max-snippet:-1","max-image-preview":"max-image-preview:large","max-video-preview":"max-video-preview:-1"},"canonical":"https:\/\/www.molidelpont.com\/tarifes\/","og_locale":"es_ES","og_type":"article","og_title":"[:ca]Tarifes[:es]Tarifas[:en]Price List[:] - Mol\u00ed del Pont - Casa rural Tarragona Cornudella de Montsant Priorat","og_description":"Las reservas seran por un m\u00ednimo de 2 noches. En puentes i\/o festivos los precios pueden variar. No est\u00e1 incluida la tasa tur\u00edstica de la Generalitat de Catalunya de 0,60 euros por noche y persona (mayor de 16 a\u00f1os). La casa se reserva el derecho de modificar la asignaci\u00f3n del alojamiento respetando plazas y precios [&hellip;]","og_url":"https:\/\/www.molidelpont.com\/tarifes\/","og_site_name":"Mol\u00ed del Pont - Casa rural Tarragona Cornudella de Montsant Priorat","article_modified_time":"2022-06-05T12:04:32+00:00","twitter_card":"summary_large_image","twitter_misc":{"Tiempo de lectura":"2 minutos"},"schema":{"@context":"https:\/\/schema.org","@graph":[{"@type":"WebPage","@id":"https:\/\/www.molidelpont.com\/tarifes\/","url":"https:\/\/www.molidelpont.com\/tarifes\/","name":"[:ca]Tarifes[:es]Tarifas[:en]Price List[:] - Mol\u00ed del Pont - Casa rural Tarragona Cornudella de Montsant Priorat","isPartOf":{"@id":"https:\/\/www.molidelpont.com\/#website"},"datePublished":"2013-10-22T14:34:47+00:00","dateModified":"2022-06-05T12:04:32+00:00","breadcrumb":{"@id":"https:\/\/www.molidelpont.com\/tarifes\/#breadcrumb"},"inLanguage":"es","potentialAction":[{"@type":"ReadAction","target":["https:\/\/www.molidelpont.com\/tarifes\/"]}]},{"@type":"BreadcrumbList","@id":"https:\/\/www.molidelpont.com\/tarifes\/#breadcrumb","itemListElement":[{"@type":"ListItem","position":1,"name":"Home","item":"https:\/\/www.molidelpont.com\/"},{"@type":"ListItem","position":2,"name":"Tarifes"}]},{"@type":"WebSite","@id":"https:\/\/www.molidelpont.com\/#website","url":"https:\/\/www.molidelpont.com\/","name":"Mol\u00ed del Pont - Casa rural Tarragona Cornudella de Montsant Priorat","description":"","potentialAction":[{"@type":"SearchAction","target":{"@type":"EntryPoint","urlTemplate":"https:\/\/www.molidelpont.com\/?s={search_term_string}"},"query-input":"required name=search_term_string"}],"inLanguage":"es"}]}},"_links":{"self":[{"href":"https:\/\/www.molidelpont.com\/es\/wp-json\/wp\/v2\/pages\/16"}],"collection":[{"href":"https:\/\/www.molidelpont.com\/es\/wp-json\/wp\/v2\/pages"}],"about":[{"href":"https:\/\/www.molidelpont.com\/es\/wp-json\/wp\/v2\/types\/page"}],"author":[{"embeddable":true,"href":"https:\/\/www.molidelpont.com\/es\/wp-json\/wp\/v2\/users\/2"}],"replies":[{"embeddable":true,"href":"https:\/\/www.molidelpont.com\/es\/wp-json\/wp\/v2\/comments?post=16"}],"version-history":[{"count":35,"href":"https:\/\/www.molidelpont.com\/es\/wp-json\/wp\/v2\/pages\/16\/revisions"}],"predecessor-version":[{"id":683,"href":"https:\/\/www.molidelpont.com\/es\/wp-json\/wp\/v2\/pages\/16\/revisions\/683"}],"wp:attachment":[{"href":"https:\/\/www.molidelpont.com\/es\/wp-json\/wp\/v2\/media?parent=16"}],"curies":[{"name":"wp","href":"https:\/\/api.w.org\/{rel}","templated":true}]}}