{"id":16,"date":"2013-10-22T14:34:47","date_gmt":"2013-10-22T14:34:47","guid":{"rendered":"http:\/\/localhost:8888\/PROYECTOS\/MoliDelPont\/dev\/wp\/?page_id=16"},"modified":"2022-06-05T12:04:32","modified_gmt":"2022-06-05T12:04:32","slug":"tarifes","status":"publish","type":"page","link":"https:\/\/www.molidelpont.com\/en\/tarifes\/","title":{"rendered":"Price List"},"content":{"rendered":"<p>Bookings must include minimum two nights.<\/p>\n<p>Prices may change for holidays.<\/p>\n<p>The Generalitat de Catalunya establishes a Tourist tax rate which must be added to our prices, 0.60\u20ac per night and person above 16 years old.<\/p>\n<p>The user has the right to cancel the confirmed reservation, without any penalty, provided it is done before the fifteen days prior to the arrival date. Otherwise, penalties will be applied according to article 26 Decret 159\/2012, of November 20, d&#8217;establiments d&#8217;allotjament tur\u00edstic i d&#8217;habitatges d&#8217;\u00fas tur\u00edstic. Check in from 12:00h. and check out before 12:00h.<\/p>\n<p>The use of all Mol\u00ed del Pont facilities is exclusive to the people housed.<\/p>\n<p>For celebrations \/ parties prior authorization of the property is required.<\/p>\n<p><span id=\"tablepress-5-description\" class=\"tablepress-table-description tablepress-table-description-id-5\">PRICE SUMMARY<\/span>\n\n<table id=\"tablepress-5\" class=\"tablepress tablepress-id-5\" aria-describedby=\"tablepress-5-description\">\n<thead>\n<tr class=\"row-1 odd\">\n\t<th class=\"column-1\">Lodging<\/th><th class=\"column-2\">Ocupattion <br \/>\n(people)<\/th><th class=\"column-3\">Price night<\/th><th class=\"column-4\">Price week<br \/>\n(6 nights)<\/th><th class=\"column-5\">Additional bed<\/th>\n<\/tr>\n<\/thead>\n<tbody class=\"row-hover\">\n<tr class=\"row-2 even\">\n\t<td class=\"column-1\">El Canalot <br \/>\n<\/td><td class=\"column-2\">6<br \/>\n4<br \/>\n<\/td><td class=\"column-3\">505 \u20ac<br \/>\n400 \u20ac<\/td><td class=\"column-4\">2.730 \u20ac<br \/>\n2.160 \u20ac<\/td><td class=\"column-5\">50 \u20ac<br \/>\n-----<\/td>\n<\/tr>\n<tr class=\"row-3 odd\">\n\t<td class=\"column-1\">El Riscle <br \/>\n<\/td><td class=\"column-2\">4<br \/>\n2<\/td><td class=\"column-3\">280 \u20ac<br \/>\n160 \u20ac<\/td><td class=\"column-4\">1.560 \u20ac<br \/>\n   900 \u20ac<\/td><td class=\"column-5\">40 \u20ac<br \/>\n-----<\/td>\n<\/tr>\n<tr class=\"row-4 even\">\n\t<td class=\"column-1\">El Carcab\u00e0 <br \/>\n<\/td><td class=\"column-2\">2<\/td><td class=\"column-3\">190 \u20ac<\/td><td class=\"column-4\">1.100 \u20ac<\/td><td class=\"column-5\">-----<\/td>\n<\/tr>\n<tr class=\"row-5 odd\">\n\t<td class=\"column-1\"><\/td><td class=\"column-2\"><\/td><td class=\"column-3\"><\/td><td class=\"column-4\"><\/td><td class=\"column-5\"><\/td>\n<\/tr>\n<\/tbody>\n<\/table>\n<!-- #tablepress-5 from cache --><\/p>","protected":false},"excerpt":{"rendered":"<p>Bookings must include minimum two nights. Prices may change for holidays. The Generalitat de Catalunya establishes a Tourist tax rate which must be added to our prices, 0.60\u20ac per night and person above 16 years old. The user has the right to cancel the confirmed reservation, without any penalty, provided it is done before the [&hellip;]<\/p>\n","protected":false},"author":2,"featured_media":0,"parent":0,"menu_order":0,"comment_status":"open","ping_status":"open","template":"","meta":{"_monsterinsights_skip_tracking":false,"_monsterinsights_sitenote_active":false,"_monsterinsights_sitenote_note":"","_monsterinsights_sitenote_category":0,"footnotes":""},"yoast_head":"<!-- This site is optimized with the Yoast SEO plugin v23.0 - https:\/\/yoast.com\/wordpress\/plugins\/seo\/ -->\n<title>Price List - Mol\u00ed del Pont - Casa rural Tarragona Cornudella de Montsant Priorat<\/title>\n<meta name=\"robots\" content=\"index, follow, max-snippet:-1, max-image-preview:large, max-video-preview:-1\" \/>\n<link rel=\"canonical\" href=\"https:\/\/www.molidelpont.com\/tarifes\/\" \/>\n<meta property=\"og:locale\" content=\"en_US\" \/>\n<meta property=\"og:type\" content=\"article\" \/>\n<meta property=\"og:title\" content=\"[:ca]Tarifes[:es]Tarifas[:en]Price List[:] - Mol\u00ed del Pont - Casa rural Tarragona Cornudella de Montsant Priorat\" \/>\n<meta property=\"og:description\" content=\"Bookings must include minimum two nights. Prices may change for holidays. The Generalitat de Catalunya establishes a Tourist tax rate which must be added to our prices, 0.60\u20ac per night and person above 16 years old. The user has the right to cancel the confirmed reservation, without any penalty, provided it is done before the [&hellip;]\" \/>\n<meta property=\"og:url\" content=\"https:\/\/www.molidelpont.com\/tarifes\/\" \/>\n<meta property=\"og:site_name\" content=\"Mol\u00ed del Pont - Casa rural Tarragona Cornudella de Montsant Priorat\" \/>\n<meta property=\"article:modified_time\" content=\"2022-06-05T12:04:32+00:00\" \/>\n<meta name=\"twitter:card\" content=\"summary_large_image\" \/>\n<meta name=\"twitter:label1\" content=\"Est. reading time\" \/>\n\t<meta name=\"twitter:data1\" content=\"2 minutes\" \/>\n<script type=\"application\/ld+json\" class=\"yoast-schema-graph\">{\"@context\":\"https:\/\/schema.org\",\"@graph\":[{\"@type\":\"WebPage\",\"@id\":\"https:\/\/www.molidelpont.com\/tarifes\/\",\"url\":\"https:\/\/www.molidelpont.com\/tarifes\/\",\"name\":\"[:ca]Tarifes[:es]Tarifas[:en]Price List[:] - Mol\u00ed del Pont - Casa rural Tarragona Cornudella de Montsant Priorat\",\"isPartOf\":{\"@id\":\"https:\/\/www.molidelpont.com\/#website\"},\"datePublished\":\"2013-10-22T14:34:47+00:00\",\"dateModified\":\"2022-06-05T12:04:32+00:00\",\"breadcrumb\":{\"@id\":\"https:\/\/www.molidelpont.com\/tarifes\/#breadcrumb\"},\"inLanguage\":\"en-US\",\"potentialAction\":[{\"@type\":\"ReadAction\",\"target\":[\"https:\/\/www.molidelpont.com\/tarifes\/\"]}]},{\"@type\":\"BreadcrumbList\",\"@id\":\"https:\/\/www.molidelpont.com\/tarifes\/#breadcrumb\",\"itemListElement\":[{\"@type\":\"ListItem\",\"position\":1,\"name\":\"Home\",\"item\":\"https:\/\/www.molidelpont.com\/\"},{\"@type\":\"ListItem\",\"position\":2,\"name\":\"Tarifes\"}]},{\"@type\":\"WebSite\",\"@id\":\"https:\/\/www.molidelpont.com\/#website\",\"url\":\"https:\/\/www.molidelpont.com\/\",\"name\":\"Mol\u00ed del Pont - Casa rural Tarragona Cornudella de Montsant Priorat\",\"description\":\"\",\"potentialAction\":[{\"@type\":\"SearchAction\",\"target\":{\"@type\":\"EntryPoint\",\"urlTemplate\":\"https:\/\/www.molidelpont.com\/?s={search_term_string}\"},\"query-input\":\"required name=search_term_string\"}],\"inLanguage\":\"en-US\"}]}<\/script>\n<!-- \/ Yoast SEO plugin. -->","yoast_head_json":{"title":"[:ca]Tarifes[:es]Tarifas[:en]Price List[:] - Mol\u00ed del Pont - Casa rural Tarragona Cornudella de Montsant Priorat","robots":{"index":"index","follow":"follow","max-snippet":"max-snippet:-1","max-image-preview":"max-image-preview:large","max-video-preview":"max-video-preview:-1"},"canonical":"https:\/\/www.molidelpont.com\/tarifes\/","og_locale":"en_US","og_type":"article","og_title":"[:ca]Tarifes[:es]Tarifas[:en]Price List[:] - Mol\u00ed del Pont - Casa rural Tarragona Cornudella de Montsant Priorat","og_description":"Bookings must include minimum two nights. Prices may change for holidays. The Generalitat de Catalunya establishes a Tourist tax rate which must be added to our prices, 0.60\u20ac per night and person above 16 years old. The user has the right to cancel the confirmed reservation, without any penalty, provided it is done before the [&hellip;]","og_url":"https:\/\/www.molidelpont.com\/tarifes\/","og_site_name":"Mol\u00ed del Pont - Casa rural Tarragona Cornudella de Montsant Priorat","article_modified_time":"2022-06-05T12:04:32+00:00","twitter_card":"summary_large_image","twitter_misc":{"Est. reading time":"2 minutes"},"schema":{"@context":"https:\/\/schema.org","@graph":[{"@type":"WebPage","@id":"https:\/\/www.molidelpont.com\/tarifes\/","url":"https:\/\/www.molidelpont.com\/tarifes\/","name":"[:ca]Tarifes[:es]Tarifas[:en]Price List[:] - Mol\u00ed del Pont - Casa rural Tarragona Cornudella de Montsant Priorat","isPartOf":{"@id":"https:\/\/www.molidelpont.com\/#website"},"datePublished":"2013-10-22T14:34:47+00:00","dateModified":"2022-06-05T12:04:32+00:00","breadcrumb":{"@id":"https:\/\/www.molidelpont.com\/tarifes\/#breadcrumb"},"inLanguage":"en-US","potentialAction":[{"@type":"ReadAction","target":["https:\/\/www.molidelpont.com\/tarifes\/"]}]},{"@type":"BreadcrumbList","@id":"https:\/\/www.molidelpont.com\/tarifes\/#breadcrumb","itemListElement":[{"@type":"ListItem","position":1,"name":"Home","item":"https:\/\/www.molidelpont.com\/"},{"@type":"ListItem","position":2,"name":"Tarifes"}]},{"@type":"WebSite","@id":"https:\/\/www.molidelpont.com\/#website","url":"https:\/\/www.molidelpont.com\/","name":"Mol\u00ed del Pont - Casa rural Tarragona Cornudella de Montsant Priorat","description":"","potentialAction":[{"@type":"SearchAction","target":{"@type":"EntryPoint","urlTemplate":"https:\/\/www.molidelpont.com\/?s={search_term_string}"},"query-input":"required name=search_term_string"}],"inLanguage":"en-US"}]}},"_links":{"self":[{"href":"https:\/\/www.molidelpont.com\/en\/wp-json\/wp\/v2\/pages\/16"}],"collection":[{"href":"https:\/\/www.molidelpont.com\/en\/wp-json\/wp\/v2\/pages"}],"about":[{"href":"https:\/\/www.molidelpont.com\/en\/wp-json\/wp\/v2\/types\/page"}],"author":[{"embeddable":true,"href":"https:\/\/www.molidelpont.com\/en\/wp-json\/wp\/v2\/users\/2"}],"replies":[{"embeddable":true,"href":"https:\/\/www.molidelpont.com\/en\/wp-json\/wp\/v2\/comments?post=16"}],"version-history":[{"count":35,"href":"https:\/\/www.molidelpont.com\/en\/wp-json\/wp\/v2\/pages\/16\/revisions"}],"predecessor-version":[{"id":683,"href":"https:\/\/www.molidelpont.com\/en\/wp-json\/wp\/v2\/pages\/16\/revisions\/683"}],"wp:attachment":[{"href":"https:\/\/www.molidelpont.com\/en\/wp-json\/wp\/v2\/media?parent=16"}],"curies":[{"name":"wp","href":"https:\/\/api.w.org\/{rel}","templated":true}]}}